{"id":128,"date":"2026-01-28T15:41:12","date_gmt":"2026-01-28T15:41:12","guid":{"rendered":"http:\/\/elgjbgx.cluster129.hosting.ovh.net\/?page_id=128"},"modified":"2026-02-19T09:02:43","modified_gmt":"2026-02-19T09:02:43","slug":"nos-actualites","status":"publish","type":"page","link":"https:\/\/villemoirieu2026.fr\/index.php\/nos-actualites\/","title":{"rendered":"Nos Actualit\u00e9s"},"content":{"rendered":"\t\t<div data-elementor-type=\"wp-page\" data-elementor-id=\"128\" class=\"elementor elementor-128\">\n\t\t\t\t<div class=\"elementor-element elementor-element-01f829e e-flex e-con-boxed e-con e-parent\" data-id=\"01f829e\" data-element_type=\"container\" data-e-type=\"container\">\n\t\t\t\t\t<div class=\"e-con-inner\">\n\t\t<div class=\"elementor-element elementor-element-e848c97 e-con-full e-flex e-con e-child\" data-id=\"e848c97\" data-element_type=\"container\" data-e-type=\"container\">\n\t\t\t\t<div class=\"elementor-element elementor-element-4aff093 elementor-align-center elementor-widget elementor-widget-button\" data-id=\"4aff093\" data-element_type=\"widget\" data-e-type=\"widget\" data-widget_type=\"button.default\">\n\t\t\t\t\t\t\t\t\t\t<a class=\"elementor-button elementor-button-link elementor-size-sm\" href=\"https:\/\/villemoirieu2026.fr\/index.php\/Accueil\/\">\n\t\t\t\t\t\t<span class=\"elementor-button-content-wrapper\">\n\t\t\t\t\t\t\t\t\t<span class=\"elementor-button-text\">Accueil<\/span>\n\t\t\t\t\t<\/span>\n\t\t\t\t\t<\/a>\n\t\t\t\t\t\t\t\t<\/div>\n\t\t\t\t<\/div>\n\t\t<div class=\"elementor-element elementor-element-dcf81c6 e-con-full e-flex e-con e-child\" data-id=\"dcf81c6\" data-element_type=\"container\" data-e-type=\"container\">\n\t\t\t\t<div class=\"elementor-element elementor-element-e43bcf3 elementor-align-center elementor-widget elementor-widget-button\" data-id=\"e43bcf3\" data-element_type=\"widget\" data-e-type=\"widget\" data-widget_type=\"button.default\">\n\t\t\t\t\t\t\t\t\t\t<a class=\"elementor-button elementor-button-link elementor-size-sm\" href=\"https:\/\/villemoirieu2026.fr\/index.php\/nos-actualites\/\">\n\t\t\t\t\t\t<span class=\"elementor-button-content-wrapper\">\n\t\t\t\t\t\t\t\t\t<span class=\"elementor-button-text\">Nos Actualit\u00e9s<\/span>\n\t\t\t\t\t<\/span>\n\t\t\t\t\t<\/a>\n\t\t\t\t\t\t\t\t<\/div>\n\t\t\t\t<\/div>\n\t\t<div class=\"elementor-element elementor-element-3f57b83 e-con-full e-flex e-con e-child\" data-id=\"3f57b83\" data-element_type=\"container\" data-e-type=\"container\">\n\t\t\t\t<div class=\"elementor-element elementor-element-2f353a7 elementor-align-center elementor-widget elementor-widget-button\" data-id=\"2f353a7\" data-element_type=\"widget\" data-e-type=\"widget\" data-widget_type=\"button.default\">\n\t\t\t\t\t\t\t\t\t\t<a class=\"elementor-button elementor-button-link elementor-size-sm\" href=\"https:\/\/villemoirieu2026.fr\/wp-content\/uploads\/2026\/02\/Une-equipe-qui-conjugue-experience-et-nouveau-souffle.-et-representative-de-lensemble-des-hameaux.pdf\">\n\t\t\t\t\t\t<span class=\"elementor-button-content-wrapper\">\n\t\t\t\t\t\t\t\t\t<span class=\"elementor-button-text\">Notre manifeste<\/span>\n\t\t\t\t\t<\/span>\n\t\t\t\t\t<\/a>\n\t\t\t\t\t\t\t\t<\/div>\n\t\t\t\t<\/div>\n\t\t<div class=\"elementor-element elementor-element-2f32685 e-con-full e-flex e-con e-child\" data-id=\"2f32685\" data-element_type=\"container\" data-e-type=\"container\">\n\t\t\t\t<div class=\"elementor-element elementor-element-c1caba7 elementor-align-center elementor-widget__width-initial elementor-widget elementor-widget-button\" data-id=\"c1caba7\" data-element_type=\"widget\" data-e-type=\"widget\" data-widget_type=\"button.default\">\n\t\t\t\t\t\t\t\t\t\t<a class=\"elementor-button elementor-button-link elementor-size-sm\" href=\"https:\/\/villemoirieu2026.fr\/index.php\/presentation-equipe\/\">\n\t\t\t\t\t\t<span class=\"elementor-button-content-wrapper\">\n\t\t\t\t\t\t\t\t\t<span class=\"elementor-button-text\">L'\u00e9quipe<\/span>\n\t\t\t\t\t<\/span>\n\t\t\t\t\t<\/a>\n\t\t\t\t\t\t\t\t<\/div>\n\t\t\t\t<\/div>\n\t\t\t\t\t<\/div>\n\t\t\t\t<\/div>\n\t\t<div class=\"elementor-element elementor-element-a0a4821 e-flex e-con-boxed e-con e-parent\" data-id=\"a0a4821\" data-element_type=\"container\" data-e-type=\"container\">\n\t\t\t\t\t<div class=\"e-con-inner\">\n\t\t<div class=\"elementor-element elementor-element-02b50a6 e-con-full e-flex e-con e-child\" data-id=\"02b50a6\" data-element_type=\"container\" data-e-type=\"container\">\n\t\t\t\t<\/div>\n\t\t<div class=\"elementor-element elementor-element-53c88ae e-con-full e-flex e-con e-child\" data-id=\"53c88ae\" data-element_type=\"container\" data-e-type=\"container\">\n\t\t\t\t<\/div>\n\t\t<div class=\"elementor-element elementor-element-1537a85 e-con-full e-flex e-con e-child\" data-id=\"1537a85\" data-element_type=\"container\" data-e-type=\"container\">\n\t\t\t\t<\/div>\n\t\t\t\t\t<\/div>\n\t\t\t\t<\/div>\n\t\t<div class=\"elementor-element elementor-element-4257e41 e-grid e-con-boxed e-con e-parent\" data-id=\"4257e41\" data-element_type=\"container\" data-e-type=\"container\">\n\t\t\t\t\t<div class=\"e-con-inner\">\n\t\t\t\t<div class=\"elementor-element elementor-element-2bba65c elementor-widget elementor-widget-heading\" data-id=\"2bba65c\" data-element_type=\"widget\" data-e-type=\"widget\" data-widget_type=\"heading.default\">\n\t\t\t\t\t<h2 class=\"elementor-heading-title elementor-size-default\">Actualit\u00e9 du 28 janvier 2026<\/h2>\t\t\t\t<\/div>\n\t\t\t\t<div class=\"elementor-element elementor-element-21c4ddc elementor-widget elementor-widget-text-editor\" data-id=\"21c4ddc\" data-element_type=\"widget\" data-e-type=\"widget\" data-widget_type=\"text-editor.default\">\n\t\t\t\t\t\t\t\t\t<p>Notre \u00e9quipe a le plaisir de publier son nouveau site internet.<\/p>\t\t\t\t\t\t\t\t<\/div>\n\t\t\t\t\t<\/div>\n\t\t\t\t<\/div>\n\t\t<div class=\"elementor-element elementor-element-bb4a8ff e-flex e-con-boxed e-con e-parent\" data-id=\"bb4a8ff\" data-element_type=\"container\" data-e-type=\"container\">\n\t\t\t\t\t<div class=\"e-con-inner\">\n\t\t<div class=\"elementor-element elementor-element-2cb0907 e-con-full e-flex e-con e-child\" data-id=\"2cb0907\" data-element_type=\"container\" data-e-type=\"container\">\n\t\t\t\t<div class=\"elementor-element elementor-element-56bda88 elementor-widget elementor-widget-heading\" data-id=\"56bda88\" data-element_type=\"widget\" data-e-type=\"widget\" data-widget_type=\"heading.default\">\n\t\t\t\t\t<h2 class=\"elementor-heading-title elementor-size-default\">Actualit\u00e9 du 2 f\u00e9vrier 2026<\/h2>\t\t\t\t<\/div>\n\t\t\t\t<\/div>\n\t\t<div class=\"elementor-element elementor-element-6048e17 e-con-full e-flex e-con e-child\" data-id=\"6048e17\" data-element_type=\"container\" data-e-type=\"container\">\n\t\t\t\t<div class=\"elementor-element elementor-element-94bc601 elementor-widget elementor-widget-image\" data-id=\"94bc601\" data-element_type=\"widget\" data-e-type=\"widget\" data-widget_type=\"image.default\">\n\t\t\t\t\t\t\t\t\t\t\t\t\t\t\t<img fetchpriority=\"high\" decoding=\"async\" width=\"1024\" height=\"726\" src=\"https:\/\/villemoirieu2026.fr\/wp-content\/uploads\/2026\/02\/Reunion_publique_27022026-1024x726.png\" class=\"attachment-large size-large wp-image-280\" alt=\"\" srcset=\"https:\/\/villemoirieu2026.fr\/wp-content\/uploads\/2026\/02\/Reunion_publique_27022026-1024x726.png 1024w, https:\/\/villemoirieu2026.fr\/wp-content\/uploads\/2026\/02\/Reunion_publique_27022026-300x213.png 300w, https:\/\/villemoirieu2026.fr\/wp-content\/uploads\/2026\/02\/Reunion_publique_27022026-768x545.png 768w, https:\/\/villemoirieu2026.fr\/wp-content\/uploads\/2026\/02\/Reunion_publique_27022026-1536x1090.png 1536w, https:\/\/villemoirieu2026.fr\/wp-content\/uploads\/2026\/02\/Reunion_publique_27022026.png 1748w\" sizes=\"(max-width: 1024px) 100vw, 1024px\" \/>\t\t\t\t\t\t\t\t\t\t\t\t\t\t\t<\/div>\n\t\t\t\t<\/div>\n\t\t\t\t\t<\/div>\n\t\t\t\t<\/div>\n\t\t\t\t<\/div>\n\t\t","protected":false},"excerpt":{"rendered":"<p>Accueil Nos Actualit\u00e9s Notre manifeste L&rsquo;\u00e9quipe Actualit\u00e9 du 28 janvier 2026 Notre \u00e9quipe a le plaisir de publier son nouveau site internet. Actualit\u00e9 du 2 f\u00e9vrier 2026<\/p>\n","protected":false},"author":1,"featured_media":0,"parent":0,"menu_order":0,"comment_status":"closed","ping_status":"closed","template":"elementor_canvas","meta":{"footnotes":""},"class_list":["post-128","page","type-page","status-publish","hentry","entry"],"yoast_head":"<!-- This site is optimized with the Yoast SEO plugin v27.0 - https:\/\/yoast.com\/product\/yoast-seo-wordpress\/ -->\n<title>Nos Actualit\u00e9s - Villemoirieu, Agir Ensemble pour l&#039;Avenir<\/title>\n<meta name=\"robots\" content=\"index, follow, max-snippet:-1, max-image-preview:large, max-video-preview:-1\" \/>\n<link rel=\"canonical\" href=\"https:\/\/villemoirieu2026.fr\/index.php\/nos-actualites\/\" \/>\n<meta property=\"og:locale\" content=\"fr_FR\" \/>\n<meta property=\"og:type\" content=\"article\" \/>\n<meta property=\"og:title\" content=\"Nos Actualit\u00e9s - Villemoirieu, Agir Ensemble pour l&#039;Avenir\" \/>\n<meta property=\"og:description\" content=\"Accueil Nos Actualit\u00e9s Notre manifeste L&rsquo;\u00e9quipe Actualit\u00e9 du 28 janvier 2026 Notre \u00e9quipe a le plaisir de publier son nouveau site internet. Actualit\u00e9 du 2 f\u00e9vrier 2026\" \/>\n<meta property=\"og:url\" content=\"https:\/\/villemoirieu2026.fr\/index.php\/nos-actualites\/\" \/>\n<meta property=\"og:site_name\" content=\"Villemoirieu, Agir Ensemble pour l&#039;Avenir\" \/>\n<meta property=\"article:publisher\" content=\"https:\/\/www.facebook.com\/profile.php?id=61585257862759\" \/>\n<meta property=\"article:modified_time\" content=\"2026-02-19T09:02:43+00:00\" \/>\n<meta property=\"og:image\" content=\"https:\/\/villemoirieu2026.fr\/wp-content\/uploads\/2026\/02\/Reunion_publique_27022026.png\" \/>\n\t<meta property=\"og:image:width\" content=\"1748\" \/>\n\t<meta property=\"og:image:height\" content=\"1240\" \/>\n\t<meta property=\"og:image:type\" content=\"image\/png\" \/>\n<meta name=\"twitter:card\" content=\"summary_large_image\" \/>\n<meta name=\"twitter:label1\" content=\"Dur\u00e9e de lecture estim\u00e9e\" \/>\n\t<meta name=\"twitter:data1\" content=\"1 minute\" \/>\n<script type=\"application\/ld+json\" class=\"yoast-schema-graph\">{\"@context\":\"https:\/\/schema.org\",\"@graph\":[{\"@type\":\"WebPage\",\"@id\":\"https:\/\/villemoirieu2026.fr\/index.php\/nos-actualites\/\",\"url\":\"https:\/\/villemoirieu2026.fr\/index.php\/nos-actualites\/\",\"name\":\"Nos Actualit\u00e9s - Villemoirieu, Agir Ensemble pour l&#039;Avenir\",\"isPartOf\":{\"@id\":\"https:\/\/villemoirieu2026.fr\/#website\"},\"primaryImageOfPage\":{\"@id\":\"https:\/\/villemoirieu2026.fr\/index.php\/nos-actualites\/#primaryimage\"},\"image\":{\"@id\":\"https:\/\/villemoirieu2026.fr\/index.php\/nos-actualites\/#primaryimage\"},\"thumbnailUrl\":\"https:\/\/villemoirieu2026.fr\/wp-content\/uploads\/2026\/02\/Reunion_publique_27022026-1024x726.png\",\"datePublished\":\"2026-01-28T15:41:12+00:00\",\"dateModified\":\"2026-02-19T09:02:43+00:00\",\"breadcrumb\":{\"@id\":\"https:\/\/villemoirieu2026.fr\/index.php\/nos-actualites\/#breadcrumb\"},\"inLanguage\":\"fr-FR\",\"potentialAction\":[{\"@type\":\"ReadAction\",\"target\":[\"https:\/\/villemoirieu2026.fr\/index.php\/nos-actualites\/\"]}]},{\"@type\":\"ImageObject\",\"inLanguage\":\"fr-FR\",\"@id\":\"https:\/\/villemoirieu2026.fr\/index.php\/nos-actualites\/#primaryimage\",\"url\":\"https:\/\/villemoirieu2026.fr\/wp-content\/uploads\/2026\/02\/Reunion_publique_27022026.png\",\"contentUrl\":\"https:\/\/villemoirieu2026.fr\/wp-content\/uploads\/2026\/02\/Reunion_publique_27022026.png\",\"width\":1748,\"height\":1240},{\"@type\":\"BreadcrumbList\",\"@id\":\"https:\/\/villemoirieu2026.fr\/index.php\/nos-actualites\/#breadcrumb\",\"itemListElement\":[{\"@type\":\"ListItem\",\"position\":1,\"name\":\"Accueil\",\"item\":\"https:\/\/villemoirieu2026.fr\/\"},{\"@type\":\"ListItem\",\"position\":2,\"name\":\"Nos Actualit\u00e9s\"}]},{\"@type\":\"WebSite\",\"@id\":\"https:\/\/villemoirieu2026.fr\/#website\",\"url\":\"https:\/\/villemoirieu2026.fr\/\",\"name\":\"Villemoirieu, Agir Ensemble pour l'Avenir\",\"description\":\"Site de pr\u00e9sentation de l&#039;\u00e9quipe &quot;Villemoirieu, Agir Ensemble pour l&#039;Avenir&quot; conduite par Jacques BRACCO en vue des prochaines \u00e9lections municipales \u00e0 Villemoirieu (38)\",\"publisher\":{\"@id\":\"https:\/\/villemoirieu2026.fr\/#organization\"},\"potentialAction\":[{\"@type\":\"SearchAction\",\"target\":{\"@type\":\"EntryPoint\",\"urlTemplate\":\"https:\/\/villemoirieu2026.fr\/?s={search_term_string}\"},\"query-input\":{\"@type\":\"PropertyValueSpecification\",\"valueRequired\":true,\"valueName\":\"search_term_string\"}}],\"inLanguage\":\"fr-FR\"},{\"@type\":\"Organization\",\"@id\":\"https:\/\/villemoirieu2026.fr\/#organization\",\"name\":\"Villemoirieu, Agir Ensemble pour l'Avenir\",\"url\":\"https:\/\/villemoirieu2026.fr\/\",\"logo\":{\"@type\":\"ImageObject\",\"inLanguage\":\"fr-FR\",\"@id\":\"https:\/\/villemoirieu2026.fr\/#\/schema\/logo\/image\/\",\"url\":\"https:\/\/villemoirieu2026.fr\/wp-content\/uploads\/2026\/01\/IMG_2819-scaled.jpg\",\"contentUrl\":\"https:\/\/villemoirieu2026.fr\/wp-content\/uploads\/2026\/01\/IMG_2819-scaled.jpg\",\"width\":2560,\"height\":1458,\"caption\":\"Villemoirieu, Agir Ensemble pour l'Avenir\"},\"image\":{\"@id\":\"https:\/\/villemoirieu2026.fr\/#\/schema\/logo\/image\/\"},\"sameAs\":[\"https:\/\/www.facebook.com\/profile.php?id=61585257862759\"]}]}<\/script>\n<!-- \/ Yoast SEO plugin. -->","yoast_head_json":{"title":"Nos Actualit\u00e9s - Villemoirieu, Agir Ensemble pour l&#039;Avenir","robots":{"index":"index","follow":"follow","max-snippet":"max-snippet:-1","max-image-preview":"max-image-preview:large","max-video-preview":"max-video-preview:-1"},"canonical":"https:\/\/villemoirieu2026.fr\/index.php\/nos-actualites\/","og_locale":"fr_FR","og_type":"article","og_title":"Nos Actualit\u00e9s - Villemoirieu, Agir Ensemble pour l&#039;Avenir","og_description":"Accueil Nos Actualit\u00e9s Notre manifeste L&rsquo;\u00e9quipe Actualit\u00e9 du 28 janvier 2026 Notre \u00e9quipe a le plaisir de publier son nouveau site internet. Actualit\u00e9 du 2 f\u00e9vrier 2026","og_url":"https:\/\/villemoirieu2026.fr\/index.php\/nos-actualites\/","og_site_name":"Villemoirieu, Agir Ensemble pour l&#039;Avenir","article_publisher":"https:\/\/www.facebook.com\/profile.php?id=61585257862759","article_modified_time":"2026-02-19T09:02:43+00:00","og_image":[{"width":1748,"height":1240,"url":"https:\/\/villemoirieu2026.fr\/wp-content\/uploads\/2026\/02\/Reunion_publique_27022026.png","type":"image\/png"}],"twitter_card":"summary_large_image","twitter_misc":{"Dur\u00e9e de lecture estim\u00e9e":"1 minute"},"schema":{"@context":"https:\/\/schema.org","@graph":[{"@type":"WebPage","@id":"https:\/\/villemoirieu2026.fr\/index.php\/nos-actualites\/","url":"https:\/\/villemoirieu2026.fr\/index.php\/nos-actualites\/","name":"Nos Actualit\u00e9s - Villemoirieu, Agir Ensemble pour l&#039;Avenir","isPartOf":{"@id":"https:\/\/villemoirieu2026.fr\/#website"},"primaryImageOfPage":{"@id":"https:\/\/villemoirieu2026.fr\/index.php\/nos-actualites\/#primaryimage"},"image":{"@id":"https:\/\/villemoirieu2026.fr\/index.php\/nos-actualites\/#primaryimage"},"thumbnailUrl":"https:\/\/villemoirieu2026.fr\/wp-content\/uploads\/2026\/02\/Reunion_publique_27022026-1024x726.png","datePublished":"2026-01-28T15:41:12+00:00","dateModified":"2026-02-19T09:02:43+00:00","breadcrumb":{"@id":"https:\/\/villemoirieu2026.fr\/index.php\/nos-actualites\/#breadcrumb"},"inLanguage":"fr-FR","potentialAction":[{"@type":"ReadAction","target":["https:\/\/villemoirieu2026.fr\/index.php\/nos-actualites\/"]}]},{"@type":"ImageObject","inLanguage":"fr-FR","@id":"https:\/\/villemoirieu2026.fr\/index.php\/nos-actualites\/#primaryimage","url":"https:\/\/villemoirieu2026.fr\/wp-content\/uploads\/2026\/02\/Reunion_publique_27022026.png","contentUrl":"https:\/\/villemoirieu2026.fr\/wp-content\/uploads\/2026\/02\/Reunion_publique_27022026.png","width":1748,"height":1240},{"@type":"BreadcrumbList","@id":"https:\/\/villemoirieu2026.fr\/index.php\/nos-actualites\/#breadcrumb","itemListElement":[{"@type":"ListItem","position":1,"name":"Accueil","item":"https:\/\/villemoirieu2026.fr\/"},{"@type":"ListItem","position":2,"name":"Nos Actualit\u00e9s"}]},{"@type":"WebSite","@id":"https:\/\/villemoirieu2026.fr\/#website","url":"https:\/\/villemoirieu2026.fr\/","name":"Villemoirieu, Agir Ensemble pour l'Avenir","description":"Site de pr\u00e9sentation de l&#039;\u00e9quipe &quot;Villemoirieu, Agir Ensemble pour l&#039;Avenir&quot; conduite par Jacques BRACCO en vue des prochaines \u00e9lections municipales \u00e0 Villemoirieu (38)","publisher":{"@id":"https:\/\/villemoirieu2026.fr\/#organization"},"potentialAction":[{"@type":"SearchAction","target":{"@type":"EntryPoint","urlTemplate":"https:\/\/villemoirieu2026.fr\/?s={search_term_string}"},"query-input":{"@type":"PropertyValueSpecification","valueRequired":true,"valueName":"search_term_string"}}],"inLanguage":"fr-FR"},{"@type":"Organization","@id":"https:\/\/villemoirieu2026.fr\/#organization","name":"Villemoirieu, Agir Ensemble pour l'Avenir","url":"https:\/\/villemoirieu2026.fr\/","logo":{"@type":"ImageObject","inLanguage":"fr-FR","@id":"https:\/\/villemoirieu2026.fr\/#\/schema\/logo\/image\/","url":"https:\/\/villemoirieu2026.fr\/wp-content\/uploads\/2026\/01\/IMG_2819-scaled.jpg","contentUrl":"https:\/\/villemoirieu2026.fr\/wp-content\/uploads\/2026\/01\/IMG_2819-scaled.jpg","width":2560,"height":1458,"caption":"Villemoirieu, Agir Ensemble pour l'Avenir"},"image":{"@id":"https:\/\/villemoirieu2026.fr\/#\/schema\/logo\/image\/"},"sameAs":["https:\/\/www.facebook.com\/profile.php?id=61585257862759"]}]}},"_links":{"self":[{"href":"https:\/\/villemoirieu2026.fr\/index.php\/wp-json\/wp\/v2\/pages\/128","targetHints":{"allow":["GET"]}}],"collection":[{"href":"https:\/\/villemoirieu2026.fr\/index.php\/wp-json\/wp\/v2\/pages"}],"about":[{"href":"https:\/\/villemoirieu2026.fr\/index.php\/wp-json\/wp\/v2\/types\/page"}],"author":[{"embeddable":true,"href":"https:\/\/villemoirieu2026.fr\/index.php\/wp-json\/wp\/v2\/users\/1"}],"replies":[{"embeddable":true,"href":"https:\/\/villemoirieu2026.fr\/index.php\/wp-json\/wp\/v2\/comments?post=128"}],"version-history":[{"count":28,"href":"https:\/\/villemoirieu2026.fr\/index.php\/wp-json\/wp\/v2\/pages\/128\/revisions"}],"predecessor-version":[{"id":569,"href":"https:\/\/villemoirieu2026.fr\/index.php\/wp-json\/wp\/v2\/pages\/128\/revisions\/569"}],"wp:attachment":[{"href":"https:\/\/villemoirieu2026.fr\/index.php\/wp-json\/wp\/v2\/media?parent=128"}],"curies":[{"name":"wp","href":"https:\/\/api.w.org\/{rel}","templated":true}]}}